{"id":20,"date":"2022-02-21T09:51:12","date_gmt":"2022-02-21T09:51:12","guid":{"rendered":"https:\/\/xstore.8theme.com\/elementor\/demos\/grocery-market\/?page_id=20"},"modified":"2025-10-27T22:10:58","modified_gmt":"2025-10-27T21:10:58","slug":"nosotros","status":"publish","type":"page","link":"https:\/\/everleobolivia.com\/index.php\/nosotros\/","title":{"rendered":"Nosotros"},"content":{"rendered":"\t\t<div data-elementor-type=\"wp-page\" data-elementor-id=\"20\" class=\"elementor elementor-20\" data-elementor-post-type=\"page\">\n\t\t\t\t<div class=\"elementor-element elementor-element-f549aa7 e-flex e-con-boxed e-con e-parent\" data-id=\"f549aa7\" data-element_type=\"container\" data-settings=\"{&quot;_ha_eqh_enable&quot;:false}\">\n\t\t\t\t\t<div class=\"e-con-inner\">\n\t\t<div class=\"elementor-element elementor-element-0de491a e-con-full e-flex e-con e-child\" data-id=\"0de491a\" data-element_type=\"container\" data-settings=\"{&quot;background_background&quot;:&quot;classic&quot;,&quot;_ha_eqh_enable&quot;:false}\">\n\t\t\t\t<div class=\"elementor-element elementor-element-ae0008d elementor-widget elementor-widget-heading\" data-id=\"ae0008d\" data-element_type=\"widget\" data-widget_type=\"heading.default\">\n\t\t\t\t\t<h2 class=\"elementor-heading-title elementor-size-default\">GERENTE NACIONAL<\/h2>\t\t\t\t<\/div>\n\t\t\t\t<div class=\"elementor-element elementor-element-1afd540 elementor-widget elementor-widget-heading\" data-id=\"1afd540\" data-element_type=\"widget\" data-widget_type=\"heading.default\">\n\t\t\t\t\t<h2 class=\"elementor-heading-title elementor-size-default\">Bening Liu<\/h2>\t\t\t\t<\/div>\n\t\t\t\t<div class=\"elementor-element elementor-element-83b24df elementor-widget elementor-widget-text-editor\" data-id=\"83b24df\" data-element_type=\"widget\" data-widget_type=\"text-editor.default\">\n\t\t\t\t\t\t\t\t\t<p>Reconocida como una <b>prominente figura empresarial<\/b> de la nueva generaci\u00f3n en Bolivia, su liderazgo como Gerente Nacional impulsa la compa\u00f1\u00eda hacia horizontes de crecimiento, calidad y excelencia competitiva.<\/p>\t\t\t\t\t\t\t\t<\/div>\n\t\t\t\t<\/div>\n\t\t\t\t\t<\/div>\n\t\t\t\t<\/div>\n\t\t\t\t<section class=\"elementor-section elementor-top-section elementor-element elementor-element-d81c1c2 elementor-section-content-middle elementor-section-boxed elementor-section-height-default elementor-section-height-default elementor-invisible\" data-id=\"d81c1c2\" data-element_type=\"section\" data-settings=\"{&quot;animation&quot;:&quot;fadeIn&quot;,&quot;_ha_eqh_enable&quot;:false}\">\n\t\t\t\t\t\t<div class=\"elementor-container elementor-column-gap-no\">\n\t\t\t\t\t<div class=\"elementor-column elementor-col-50 elementor-top-column elementor-element elementor-element-1f9bc24\" data-id=\"1f9bc24\" data-element_type=\"column\">\n\t\t\t<div class=\"elementor-widget-wrap elementor-element-populated\">\n\t\t\t\t\t\t<div class=\"elementor-element elementor-element-c4e405a elementor-widget elementor-widget-text-editor\" data-id=\"c4e405a\" data-element_type=\"widget\" data-widget_type=\"text-editor.default\">\n\t\t\t\t\t\t\t\t\t<p>Somos innovadores pioneros en el \u00e1mbito de iluminaci\u00f3n LED, nuestra empresa se destaca como proveedor l\u00edder de tecnolog\u00eda lum\u00ednica vanguardista dise\u00f1ada para transformar cualquier entorno. Ya sea en el hogar, en entornos laborales o en proyectos de construcci\u00f3n y vial, ofrecemos soluciones de iluminaci\u00f3n LED de \u00faltima generaci\u00f3n que combinan eficiencia energ\u00e9tica, dise\u00f1\u00f3 est\u00e9tico y un rendimiento excepcional. Nuestra misi\u00f3n es iluminar cada rinc\u00f3n de \u00a0la vida diaria con productos que no solo cumplen con los est\u00e1ndares m\u00e1s exigentes de calidad, sino que tambi\u00e9n reflejan la innovaci\u00f3n y el compromiso con un futuro m\u00e1s sostenible.<\/p>\t\t\t\t\t\t\t\t<\/div>\n\t\t\t\t\t<\/div>\n\t\t<\/div>\n\t\t\t\t<div class=\"elementor-column elementor-col-50 elementor-top-column elementor-element elementor-element-abb2a8d\" data-id=\"abb2a8d\" data-element_type=\"column\" data-settings=\"{&quot;background_background&quot;:&quot;classic&quot;}\">\n\t\t\t<div class=\"elementor-widget-wrap\">\n\t\t\t\t\t\t\t<\/div>\n\t\t<\/div>\n\t\t\t\t\t<\/div>\n\t\t<\/section>\n\t\t\t\t<section class=\"elementor-section elementor-top-section elementor-element elementor-element-d170287 elementor-section-boxed elementor-section-height-default elementor-section-height-default elementor-invisible\" data-id=\"d170287\" data-element_type=\"section\" data-settings=\"{&quot;animation&quot;:&quot;fadeIn&quot;,&quot;_ha_eqh_enable&quot;:false}\">\n\t\t\t\t\t\t<div class=\"elementor-container elementor-column-gap-no\">\n\t\t\t\t\t<div class=\"elementor-column elementor-col-50 elementor-top-column elementor-element elementor-element-16ea459\" data-id=\"16ea459\" data-element_type=\"column\" data-settings=\"{&quot;background_background&quot;:&quot;classic&quot;}\">\n\t\t\t<div class=\"elementor-widget-wrap elementor-element-populated\">\n\t\t\t\t\t\t<div class=\"elementor-element elementor-element-ba0f4cc elementor-align-center elementor-widget elementor-widget-etheme_icon_box\" data-id=\"ba0f4cc\" data-element_type=\"widget\" data-settings=\"{&quot;lottie_source_json&quot;:{&quot;url&quot;:&quot;https:\\\/\\\/xstore.8theme.com\\\/elementor\\\/demos\\\/grocery-market\\\/wp-content\\\/uploads\\\/sites\\\/73\\\/2022\\\/03\\\/pricing.json&quot;,&quot;id&quot;:1972,&quot;size&quot;:&quot;&quot;,&quot;alt&quot;:&quot;&quot;,&quot;source&quot;:&quot;library&quot;},&quot;icon_type&quot;:&quot;lottie&quot;,&quot;lottie_source&quot;:&quot;media_file&quot;,&quot;lottie_points&quot;:{&quot;unit&quot;:&quot;%&quot;,&quot;size&quot;:&quot;&quot;,&quot;sizes&quot;:{&quot;start&quot;:0,&quot;end&quot;:100}},&quot;lottie_renderer&quot;:&quot;svg&quot;,&quot;lottie_play_speed&quot;:{&quot;unit&quot;:&quot;px&quot;,&quot;size&quot;:1,&quot;sizes&quot;:[]},&quot;lottie_loop&quot;:&quot;yes&quot;,&quot;lottie_lazyload&quot;:&quot;yes&quot;}\" data-widget_type=\"etheme_icon_box.default\">\n\t\t\t\t<div class=\"elementor-widget-container\">\n\t\t\t\t\t\t\t\t<div class=\"etheme-icon-box etheme-icon-box-icon-position-top\">\n        \n                            \n                <div class=\"etheme-icon-box-icon etheme-icon-box-icon-type-lottie etheme-lottie\" data-lottie_url=\"https:\/\/everleobolivia.com\/wp-content\/uploads\/2022\/03\/pricing.json\">\n        \n                                            <div class=\"etheme-lottie-animation\"><\/div>\n                                    \n                <\/div>\n            \n                <div class=\"etheme-icon-box-content\">\n\t\t\n                                        \n                                            <h3 class=\"etheme-icon-box-title\">\n                            <span>Misi\u00f3n<\/span>\n                        <\/h3>\n                    \t\t\n                                            <p class=\"etheme-icon-box-description\">\n                            Brindar al mercado soluciones confiables y modernas en el \u00e1mbito de la construcci\u00f3n y la iluminaci\u00f3n, garantizando productos de larga vida \u00fatil y un servicio cercano. Buscamos superar las expectativas de quienes conf\u00edan en nosotros, impulsando proyectos que transformen espacios y mejoren la calidad de vida.                        <\/p>\n                    \n                            \n                <\/div>\n\t\t\t<\/div>\n\t\t\t\t\t\t<\/div>\n\t\t\t\t<\/div>\n\t\t\t\t\t<\/div>\n\t\t<\/div>\n\t\t\t\t<div class=\"elementor-column elementor-col-50 elementor-top-column elementor-element elementor-element-617cf14\" data-id=\"617cf14\" data-element_type=\"column\" data-settings=\"{&quot;background_background&quot;:&quot;classic&quot;}\">\n\t\t\t<div class=\"elementor-widget-wrap elementor-element-populated\">\n\t\t\t\t\t\t<div class=\"elementor-element elementor-element-43ddada elementor-align-center elementor-widget elementor-widget-etheme_icon_box\" data-id=\"43ddada\" data-element_type=\"widget\" data-settings=\"{&quot;lottie_source_json&quot;:{&quot;url&quot;:&quot;https:\\\/\\\/xstore.8theme.com\\\/elementor\\\/demos\\\/grocery-market\\\/wp-content\\\/uploads\\\/sites\\\/73\\\/2022\\\/03\\\/gift.json&quot;,&quot;id&quot;:1971,&quot;size&quot;:&quot;&quot;,&quot;alt&quot;:&quot;&quot;,&quot;source&quot;:&quot;library&quot;},&quot;icon_type&quot;:&quot;lottie&quot;,&quot;lottie_source&quot;:&quot;media_file&quot;,&quot;lottie_points&quot;:{&quot;unit&quot;:&quot;%&quot;,&quot;size&quot;:&quot;&quot;,&quot;sizes&quot;:{&quot;start&quot;:0,&quot;end&quot;:100}},&quot;lottie_renderer&quot;:&quot;svg&quot;,&quot;lottie_play_speed&quot;:{&quot;unit&quot;:&quot;px&quot;,&quot;size&quot;:1,&quot;sizes&quot;:[]},&quot;lottie_loop&quot;:&quot;yes&quot;,&quot;lottie_lazyload&quot;:&quot;yes&quot;}\" data-widget_type=\"etheme_icon_box.default\">\n\t\t\t\t<div class=\"elementor-widget-container\">\n\t\t\t\t\t\t\t\t<div class=\"etheme-icon-box etheme-icon-box-icon-position-top\">\n        \n                            \n                <div class=\"etheme-icon-box-icon etheme-icon-box-icon-type-lottie etheme-lottie\" data-lottie_url=\"https:\/\/everleobolivia.com\/wp-content\/uploads\/2022\/03\/gift.json\">\n        \n                                            <div class=\"etheme-lottie-animation\"><\/div>\n                                    \n                <\/div>\n            \n                <div class=\"etheme-icon-box-content\">\n\t\t\n                                        \n                                            <h3 class=\"etheme-icon-box-title\">\n                            <span>Visi\u00f3n<\/span>\n                        <\/h3>\n                    \t\t\n                                            <p class=\"etheme-icon-box-description\">\n                            Ser la empresa l\u00edder en soluciones de construcci\u00f3n, iluminaci\u00f3n y seguridad, reconocida a nivel nacional e internacional por la innovaci\u00f3n, calidad y diversidad de nuestra gama de productos. Queremos transformar espacios, aportar valor real a cada proyecto y fortalecer relaciones s\u00f3lidas con nuestros clientes y aliados, siempre comprometidos con un futuro sostenible.                        <\/p>\n                    \n                            \n                <\/div>\n\t\t\t<\/div>\n\t\t\t\t\t\t<\/div>\n\t\t\t\t<\/div>\n\t\t\t\t\t<\/div>\n\t\t<\/div>\n\t\t\t\t\t<\/div>\n\t\t<\/section>\n\t\t\t\t<\/div>\n\t\t","protected":false},"excerpt":{"rendered":"<p>GERENTE NACIONAL Bening Liu Reconocida como una prominente figura empresarial de la nueva generaci\u00f3n en Bolivia, su&#8230;<\/p>\n","protected":false},"author":1,"featured_media":0,"parent":0,"menu_order":0,"comment_status":"closed","ping_status":"closed","template":"","meta":{"_acf_changed":false,"footnotes":""},"class_list":["post-20","page","type-page","status-publish","hentry"],"acf":[],"yoast_head":"<!-- This site is optimized with the Yoast SEO plugin v26.6 - https:\/\/yoast.com\/wordpress\/plugins\/seo\/ -->\n<title>Nosotros - EVERLEO BOLIVIA<\/title>\n<meta name=\"robots\" content=\"index, follow, max-snippet:-1, max-image-preview:large, max-video-preview:-1\" \/>\n<link rel=\"canonical\" href=\"https:\/\/everleobolivia.com\/index.php\/nosotros\/\" \/>\n<meta property=\"og:locale\" content=\"es_ES\" \/>\n<meta property=\"og:type\" content=\"article\" \/>\n<meta property=\"og:title\" content=\"Nosotros - EVERLEO BOLIVIA\" \/>\n<meta property=\"og:description\" content=\"GERENTE NACIONAL Bening Liu Reconocida como una prominente figura empresarial de la nueva generaci\u00f3n en Bolivia, su...\" \/>\n<meta property=\"og:url\" content=\"https:\/\/everleobolivia.com\/index.php\/nosotros\/\" \/>\n<meta property=\"og:site_name\" content=\"EVERLEO BOLIVIA\" \/>\n<meta property=\"article:modified_time\" content=\"2025-10-27T21:10:58+00:00\" \/>\n<meta name=\"twitter:card\" content=\"summary_large_image\" \/>\n<meta name=\"twitter:label1\" content=\"Tiempo de lectura\" \/>\n\t<meta name=\"twitter:data1\" content=\"4 minutos\" \/>\n<script type=\"application\/ld+json\" class=\"yoast-schema-graph\">{\"@context\":\"https:\/\/schema.org\",\"@graph\":[{\"@type\":\"WebPage\",\"@id\":\"https:\/\/everleobolivia.com\/index.php\/nosotros\/\",\"url\":\"https:\/\/everleobolivia.com\/index.php\/nosotros\/\",\"name\":\"Nosotros - EVERLEO BOLIVIA\",\"isPartOf\":{\"@id\":\"https:\/\/everleobolivia.com\/#website\"},\"datePublished\":\"2022-02-21T09:51:12+00:00\",\"dateModified\":\"2025-10-27T21:10:58+00:00\",\"breadcrumb\":{\"@id\":\"https:\/\/everleobolivia.com\/index.php\/nosotros\/#breadcrumb\"},\"inLanguage\":\"es\",\"potentialAction\":[{\"@type\":\"ReadAction\",\"target\":[\"https:\/\/everleobolivia.com\/index.php\/nosotros\/\"]}]},{\"@type\":\"BreadcrumbList\",\"@id\":\"https:\/\/everleobolivia.com\/index.php\/nosotros\/#breadcrumb\",\"itemListElement\":[{\"@type\":\"ListItem\",\"position\":1,\"name\":\"Home\",\"item\":\"https:\/\/everleobolivia.com\/\"},{\"@type\":\"ListItem\",\"position\":2,\"name\":\"Nosotros\"}]},{\"@type\":\"WebSite\",\"@id\":\"https:\/\/everleobolivia.com\/#website\",\"url\":\"https:\/\/everleobolivia.com\/\",\"name\":\"EVERLEO BOLIVIA\",\"description\":\"Tu socio estrat\u00e9gico en iluminaci\u00f3n LED solar y seguridad. Importamos y distribuimos soluciones de alta calidad: luminarias LED solares, reflectores, luces y cintas LED, y cerraduras inteligentes. Para aplicaciones residenciales, industriales y comerciales.\",\"publisher\":{\"@id\":\"https:\/\/everleobolivia.com\/#organization\"},\"potentialAction\":[{\"@type\":\"SearchAction\",\"target\":{\"@type\":\"EntryPoint\",\"urlTemplate\":\"https:\/\/everleobolivia.com\/?s={search_term_string}\"},\"query-input\":{\"@type\":\"PropertyValueSpecification\",\"valueRequired\":true,\"valueName\":\"search_term_string\"}}],\"inLanguage\":\"es\"},{\"@type\":\"Organization\",\"@id\":\"https:\/\/everleobolivia.com\/#organization\",\"name\":\"EVERLEO BOLIVIA\",\"url\":\"https:\/\/everleobolivia.com\/\",\"logo\":{\"@type\":\"ImageObject\",\"inLanguage\":\"es\",\"@id\":\"https:\/\/everleobolivia.com\/#\/schema\/logo\/image\/\",\"url\":\"https:\/\/everleobolivia.com\/wp-content\/uploads\/2020\/05\/logo-black.jpg\",\"contentUrl\":\"https:\/\/everleobolivia.com\/wp-content\/uploads\/2020\/05\/logo-black.jpg\",\"width\":483,\"height\":404,\"caption\":\"EVERLEO BOLIVIA\"},\"image\":{\"@id\":\"https:\/\/everleobolivia.com\/#\/schema\/logo\/image\/\"}}]}<\/script>\n<!-- \/ Yoast SEO plugin. -->","yoast_head_json":{"title":"Nosotros - EVERLEO BOLIVIA","robots":{"index":"index","follow":"follow","max-snippet":"max-snippet:-1","max-image-preview":"max-image-preview:large","max-video-preview":"max-video-preview:-1"},"canonical":"https:\/\/everleobolivia.com\/index.php\/nosotros\/","og_locale":"es_ES","og_type":"article","og_title":"Nosotros - EVERLEO BOLIVIA","og_description":"GERENTE NACIONAL Bening Liu Reconocida como una prominente figura empresarial de la nueva generaci\u00f3n en Bolivia, su...","og_url":"https:\/\/everleobolivia.com\/index.php\/nosotros\/","og_site_name":"EVERLEO BOLIVIA","article_modified_time":"2025-10-27T21:10:58+00:00","twitter_card":"summary_large_image","twitter_misc":{"Tiempo de lectura":"4 minutos"},"schema":{"@context":"https:\/\/schema.org","@graph":[{"@type":"WebPage","@id":"https:\/\/everleobolivia.com\/index.php\/nosotros\/","url":"https:\/\/everleobolivia.com\/index.php\/nosotros\/","name":"Nosotros - EVERLEO BOLIVIA","isPartOf":{"@id":"https:\/\/everleobolivia.com\/#website"},"datePublished":"2022-02-21T09:51:12+00:00","dateModified":"2025-10-27T21:10:58+00:00","breadcrumb":{"@id":"https:\/\/everleobolivia.com\/index.php\/nosotros\/#breadcrumb"},"inLanguage":"es","potentialAction":[{"@type":"ReadAction","target":["https:\/\/everleobolivia.com\/index.php\/nosotros\/"]}]},{"@type":"BreadcrumbList","@id":"https:\/\/everleobolivia.com\/index.php\/nosotros\/#breadcrumb","itemListElement":[{"@type":"ListItem","position":1,"name":"Home","item":"https:\/\/everleobolivia.com\/"},{"@type":"ListItem","position":2,"name":"Nosotros"}]},{"@type":"WebSite","@id":"https:\/\/everleobolivia.com\/#website","url":"https:\/\/everleobolivia.com\/","name":"EVERLEO BOLIVIA","description":"Tu socio estrat\u00e9gico en iluminaci\u00f3n LED solar y seguridad. Importamos y distribuimos soluciones de alta calidad: luminarias LED solares, reflectores, luces y cintas LED, y cerraduras inteligentes. Para aplicaciones residenciales, industriales y comerciales.","publisher":{"@id":"https:\/\/everleobolivia.com\/#organization"},"potentialAction":[{"@type":"SearchAction","target":{"@type":"EntryPoint","urlTemplate":"https:\/\/everleobolivia.com\/?s={search_term_string}"},"query-input":{"@type":"PropertyValueSpecification","valueRequired":true,"valueName":"search_term_string"}}],"inLanguage":"es"},{"@type":"Organization","@id":"https:\/\/everleobolivia.com\/#organization","name":"EVERLEO BOLIVIA","url":"https:\/\/everleobolivia.com\/","logo":{"@type":"ImageObject","inLanguage":"es","@id":"https:\/\/everleobolivia.com\/#\/schema\/logo\/image\/","url":"https:\/\/everleobolivia.com\/wp-content\/uploads\/2020\/05\/logo-black.jpg","contentUrl":"https:\/\/everleobolivia.com\/wp-content\/uploads\/2020\/05\/logo-black.jpg","width":483,"height":404,"caption":"EVERLEO BOLIVIA"},"image":{"@id":"https:\/\/everleobolivia.com\/#\/schema\/logo\/image\/"}}]}},"_links":{"self":[{"href":"https:\/\/everleobolivia.com\/index.php\/wp-json\/wp\/v2\/pages\/20","targetHints":{"allow":["GET"]}}],"collection":[{"href":"https:\/\/everleobolivia.com\/index.php\/wp-json\/wp\/v2\/pages"}],"about":[{"href":"https:\/\/everleobolivia.com\/index.php\/wp-json\/wp\/v2\/types\/page"}],"author":[{"embeddable":true,"href":"https:\/\/everleobolivia.com\/index.php\/wp-json\/wp\/v2\/users\/1"}],"replies":[{"embeddable":true,"href":"https:\/\/everleobolivia.com\/index.php\/wp-json\/wp\/v2\/comments?post=20"}],"version-history":[{"count":40,"href":"https:\/\/everleobolivia.com\/index.php\/wp-json\/wp\/v2\/pages\/20\/revisions"}],"predecessor-version":[{"id":4635,"href":"https:\/\/everleobolivia.com\/index.php\/wp-json\/wp\/v2\/pages\/20\/revisions\/4635"}],"wp:attachment":[{"href":"https:\/\/everleobolivia.com\/index.php\/wp-json\/wp\/v2\/media?parent=20"}],"curies":[{"name":"wp","href":"https:\/\/api.w.org\/{rel}","templated":true}]}}